{"id":1854,"date":"2025-05-02T13:48:02","date_gmt":"2025-05-02T13:48:02","guid":{"rendered":"https:\/\/houtdoor.nl\/?page_id=1854"},"modified":"2025-06-17T15:49:47","modified_gmt":"2025-06-17T15:49:47","slug":"faq","status":"publish","type":"page","link":"https:\/\/houtdoor.nl\/de\/faq\/","title":{"rendered":"FAQ"},"content":{"rendered":"<p>[et_pb_section fb_built=&#8221;1&#8243; custom_padding_last_edited=&#8221;on|phone&#8221; _builder_version=&#8221;4.24.2&#8243; _module_preset=&#8221;default&#8221; use_background_color_gradient=&#8221;on&#8221; background_color_gradient_stops=&#8221;rgba(43,41,41,0.5) 0%|rgba(43,41,41,0.5) 100%&#8221; background_color_gradient_overlays_image=&#8221;on&#8221; background_image=&#8221;https:\/\/houtdoor.nl\/wp-content\/uploads\/2025\/05\/SBF-31-Tom-bellen-Pronck.jpg&#8221; background_position=&#8221;top_center&#8221; background_vertical_offset=&#8221;15%&#8221; custom_padding=&#8221;151px||151px||true|false&#8221; custom_padding_tablet=&#8221;128px||128px||true|false&#8221; custom_padding_phone=&#8221;20vh||20vh||true|false&#8221; da_disable_devices=&#8221;off|off|off&#8221; global_colors_info=&#8221;{}&#8221; da_is_popup=&#8221;off&#8221; da_exit_intent=&#8221;off&#8221; da_has_close=&#8221;on&#8221; da_alt_close=&#8221;off&#8221; da_dark_close=&#8221;off&#8221; da_not_modal=&#8221;on&#8221; da_is_singular=&#8221;off&#8221; da_with_loader=&#8221;off&#8221; da_has_shadow=&#8221;on&#8221;][et_pb_row make_equal=&#8221;on&#8221; _builder_version=&#8221;4.18.1&#8243; _module_preset=&#8221;default&#8221; custom_padding=&#8221;16px||16px||true|false&#8221; custom_css_main_element=&#8221;align-items: center;&#8221; global_colors_info=&#8221;{}&#8221;][et_pb_column type=&#8221;4_4&#8243; _builder_version=&#8221;4.18.1&#8243; _module_preset=&#8221;default&#8221; global_colors_info=&#8221;{}&#8221;][et_pb_text _builder_version=&#8221;4.19.4&#8243; _module_preset=&#8221;default&#8221; text_font=&#8221;||||||||&#8221; text_text_color=&#8221;#FFFFFF&#8221; header_font=&#8221;||||||||&#8221; header_text_color=&#8221;#FFFFFF&#8221; header_font_size=&#8221;60px&#8221; header_2_text_color=&#8221;#FFFFFF&#8221; custom_margin=&#8221;8px||8px||true|false&#8221; header_font_size_tablet=&#8221;60px&#8221; header_font_size_phone=&#8221;40px&#8221; header_font_size_last_edited=&#8221;on|phone&#8221; global_colors_info=&#8221;{}&#8221;]<\/p>\n<h1 style=\"text-align: center;\">FAQ &#8211; veelgestelde vragen<\/h1>\n<p>[\/et_pb_text][\/et_pb_column][\/et_pb_row][\/et_pb_section][et_pb_section fb_built=&#8221;1&#8243; custom_padding_last_edited=&#8221;on|phone&#8221; module_id=&#8221;p2&#8243; _builder_version=&#8221;4.19.4&#8243; _module_preset=&#8221;default&#8221; background_color=&#8221;#F4F4F4&#8243; custom_padding=&#8221;96px||96px||true|false&#8221; custom_padding_tablet=&#8221;96px||96px||true|false&#8221; custom_padding_phone=&#8221;64px||64px||true|false&#8221; da_disable_devices=&#8221;off|off|off&#8221; global_colors_info=&#8221;{}&#8221; da_is_popup=&#8221;off&#8221; da_exit_intent=&#8221;off&#8221; da_has_close=&#8221;on&#8221; da_alt_close=&#8221;off&#8221; da_dark_close=&#8221;off&#8221; da_not_modal=&#8221;on&#8221; da_is_singular=&#8221;off&#8221; da_with_loader=&#8221;off&#8221; da_has_shadow=&#8221;on&#8221;][et_pb_row make_equal=&#8221;on&#8221; custom_padding_last_edited=&#8221;on|phone&#8221; _builder_version=&#8221;4.24.2&#8243; _module_preset=&#8221;default&#8221; max_width=&#8221;1350px&#8221; custom_padding=&#8221;0px||0px||true|false&#8221; custom_padding_tablet=&#8221;64px||64px||true|false&#8221; custom_padding_phone=&#8221;32px||32px||true|false&#8221; custom_css_main_element=&#8221;align-items: center;&#8221; global_colors_info=&#8221;{}&#8221;][et_pb_column type=&#8221;4_4&#8243; _builder_version=&#8221;4.18.1&#8243; _module_preset=&#8221;default&#8221; global_colors_info=&#8221;{}&#8221;][et_pb_text _builder_version=&#8221;4.27.4&#8243; _module_preset=&#8221;default&#8221; header_font_size=&#8221;60px&#8221; header_2_font_size=&#8221;50px&#8221; header_3_font_size=&#8221;40px&#8221; header_4_font_size=&#8221;30px&#8221; header_3_font_size_tablet=&#8221;40px&#8221; header_3_font_size_phone=&#8221;30px&#8221; header_3_font_size_last_edited=&#8221;on|phone&#8221; global_colors_info=&#8221;{}&#8221;]<\/p>\n<h3>Houtdoor en Maatwerk<\/h3>\n<p>[\/et_pb_text][et_pb_tabs _builder_version=&#8221;4.27.4&#8243; _module_preset=&#8221;default&#8221; custom_margin=&#8221;-27px|||||&#8221; hover_enabled=&#8221;0&#8243; global_colors_info=&#8221;{}&#8221; sticky_enabled=&#8221;0&#8243;][et_pb_tab title=&#8221;Wat zijn de voordelen van een buitenkeuken?&#8221; _builder_version=&#8221;4.27.4&#8243; _module_preset=&#8221;default&#8221; global_colors_info=&#8221;{}&#8221;]Een buitenkeuken verrijkt je tuin \u00e9n je woning. Je cre\u00ebert extra leefruimte, een gezellige plek om samen te komen \u00e9n je houdt je binnenkeuken fris doordat je buiten kookt. Het is bovendien ideaal voor etentjes en feestjes \u2013 koken en genieten gaan hand in hand![\/et_pb_tab][et_pb_tab title=&#8221;Kan ik mijn buitenkeuken zelf samenstellen?&#8221; _builder_version=&#8221;4.27.4&#8243; _module_preset=&#8221;default&#8221; hover_enabled=&#8221;0&#8243; global_colors_info=&#8221;{}&#8221; sticky_enabled=&#8221;0&#8243;]<\/p>\n<p>Ja! Wij doen alleen aan maatwerk. Alles is mogelijk. Jij kan het aanrechtblad, het soort hout, de afmetingen, de hoeveelheid kastjes en lades, accesoires en meer zelf kiezen! Dit proces is heel leuk en daar begeleiden wij je graag bij. Neem <a href=\"\/contact\"><strong>contact<\/strong> <\/a>op voor meer informatie.\u00a0<\/p>\n<p>[\/et_pb_tab][et_pb_tab title=&#8221;Maken jullie de keukens dan niet zelf?&#8221; _builder_version=&#8221;4.27.4&#8243; _module_preset=&#8221;default&#8221; global_colors_info=&#8221;{}&#8221;]<\/p>\n<p>Nee en dat is echt een bewuste keuze \u2014 en onze kracht. We hebben een netwerk van Keukenmakers dat speciaal voor Pronck werkt. Elk met hun eigen vakgebied. Zo kunnen we altijd de juiste match maken voor \u00faw situatie. Wat u krijgt, is dus geen standaardkeuken, maar een unieke samenstelling \u2014 afgestemd op wie u bent en waar u woont.<\/p>\n<p>[\/et_pb_tab][et_pb_tab title=&#8221;Maar ik wil gewoon ontzorgd worden\u2026&#8221; _builder_version=&#8221;4.27.4&#8243; _module_preset=&#8221;default&#8221; global_colors_info=&#8221;{}&#8221;]Dat regelen wij. U werkt met \u00e9\u00e9n aanspreekpunt: Pronck. Wij co\u00f6rdineren alles. U hoeft niets te regelen, te bellen of te plannen. Dat doen wij.[\/et_pb_tab][et_pb_tab title=&#8221;Hebben jullie voorbeelden?&#8221; _builder_version=&#8221;4.27.4&#8243; _module_preset=&#8221;default&#8221; global_colors_info=&#8221;{}&#8221;]Zeker. We laten u graag <a href=\"\/projecten\"><strong>gerealiseerde projecten<\/strong><\/a> zien \u2014 van moderne villa tot monumentale woonboerderij. In elke keuken ziet u: het past perfect. Bij het huis \u00e9n bij de mensen.[\/et_pb_tab][et_pb_tab title=&#8221;Wat kost dat?&#8221; _builder_version=&#8221;4.27.4&#8243; _module_preset=&#8221;default&#8221; hover_enabled=&#8221;0&#8243; global_colors_info=&#8221;{}&#8221; sticky_enabled=&#8221;0&#8243;]<\/p>\n<p>Dat hangt af van materiaalkeuze, indeling en afwerking. Maar we zijn open en helder: je krijgt direct een indicatie van de bandbreedte. Geen verrassingen, alleen vertrouwen. Je kan hier een indicatie zien van het verschil in <a href=\"\/materialen#houtindicatie\"><strong>houtkosten<\/strong><\/a>.\u00a0<\/p>\n<p>[\/et_pb_tab][et_pb_tab title=&#8221;Kan ik mijn buitenkeuken verplaatsen?&#8221; _builder_version=&#8221;4.27.4&#8243; _module_preset=&#8221;default&#8221; global_colors_info=&#8221;{}&#8221;]De meeste buitenkeukens zijn ingebouwde keukens. Wij bieden echter ook de mogelijkheid aan om een keuken op wielen te plaatsen. Dat maakt het mogelijk om je keuken te verplaatsen wanneer je wilt. Neem <a href=\"\/contact\"><strong>contact<\/strong> <\/a>op voor meer informatie hierover.[\/et_pb_tab][\/et_pb_tabs][et_pb_text _builder_version=&#8221;4.24.2&#8243; _module_preset=&#8221;default&#8221; header_font_size=&#8221;60px&#8221; header_2_font_size=&#8221;50px&#8221; header_3_font_size=&#8221;40px&#8221; header_4_font_size=&#8221;30px&#8221; header_3_font_size_tablet=&#8221;40px&#8221; header_3_font_size_phone=&#8221;30px&#8221; header_3_font_size_last_edited=&#8221;on|phone&#8221; global_colors_info=&#8221;{}&#8221;]<\/p>\n<h3>Onderhoud en materialen<\/h3>\n<p>[\/et_pb_text][et_pb_tabs _builder_version=&#8221;4.27.4&#8243; _module_preset=&#8221;default&#8221; min_height=&#8221;315.4px&#8221; custom_margin=&#8221;-27px|||||&#8221; hover_enabled=&#8221;0&#8243; global_colors_info=&#8221;{}&#8221; sticky_enabled=&#8221;0&#8243;][et_pb_tab title=&#8221;Zijn de buitenkeukens bestand tegen alle weersomstandigheden?&#8221; _builder_version=&#8221;4.27.4&#8243; _module_preset=&#8221;default&#8221; hover_enabled=&#8221;0&#8243; global_colors_info=&#8221;{}&#8221; sticky_enabled=&#8221;0&#8243;]<\/p>\n<p data-start=\"274\" data-end=\"529\" class=\"\">Ja, de buitenkeukens worden gebouwd met duurzame, weersbestendige materialen zoals hardhout, natuursteen aanrechtbladen die tegen slecht weer kunnen en roestvrijstaal (RVS). Bij goed onderhoud zijn ze bestand tegen regen, vorst en zon. Een afdekhoes wordt aanbevolen voor extra bescherming en langere levensduur. Maar kies je voor een bepaald soort hout dat kwetsbaarder is voor slecht weer dan raden we aan om je keuken onder een afdekking zoals een tuinhuis of veranda te plaatsen. Lees meer over onze <a href=\"\/materialen\"><strong>Materialen<\/strong><\/a>.<\/p>\n<p>[\/et_pb_tab][et_pb_tab title=&#8221;Hoe onderhoud ik mijn houten buitenkeuken?&#8221; _builder_version=&#8221;4.27.4&#8243; _module_preset=&#8221;default&#8221; hover_enabled=&#8221;0&#8243; global_colors_info=&#8221;{}&#8221; sticky_enabled=&#8221;0&#8243;]<\/p>\n<p>Hout dient regelmatig behandeld te worden met een geschikte olie of beits, afhankelijk van het type hout. Reinig het hout met milde zeep en water, en voorkom langdurige natheid of schimmelvorming door de keuken droog te houden wanneer hij niet in gebruik is. Het is goed om de meeste aanrechtbladen ook te onderhouden. Daarbij hangt het af van welk <a href=\"\/materialen\"><strong>materiaal<\/strong> <\/a>aanrechtblad je hebt. Neem <a href=\"\/contact\"><strong>contact<\/strong> <\/a>met ons op om advies hierover te krijgen.<\/p>\n<p>[\/et_pb_tab][et_pb_tab title=&#8221;Welk soort hout kan ik kiezen voor mijn keuken?&#8221; _builder_version=&#8221;4.27.4&#8243; _module_preset=&#8221;default&#8221; hover_enabled=&#8221;0&#8243; global_colors_info=&#8221;{}&#8221; sticky_enabled=&#8221;0&#8243;]<\/p>\n<p>Wij werken voornamelijk met Okoum\u00e9, Hardhout en Thermisch Gemodificeerd Hout. Deze houtsoorten zijn duurzaam en zorgen voor een lange levensduur van de buitenkeukens. Dit kunnen we dus van harte adviseren te kiezen. Al ons werk is maatwerk en dus kunnen we uiteraard precies het houtsoort gebruiken wat jij geweldig vind. Bekijk onze <strong><a href=\"\/materialen#houtsoorten\">houtsoorten hier<\/a><\/strong>.<\/p>\n<p>[\/et_pb_tab][et_pb_tab title=&#8221;Welk soort aanrechtblad kan ik kiezen voor mijn keuken?&#8221; _builder_version=&#8221;4.27.4&#8243; _module_preset=&#8221;default&#8221; hover_enabled=&#8221;0&#8243; global_colors_info=&#8221;{}&#8221; sticky_enabled=&#8221;0&#8243;]<\/p>\n<p>Van betonnen aanrechtbladen tot een uit de rots gehouwen stuk natuursteen. Er zijn allerlei mogelijkheden voor jouw aanrechtblad. Neem contact met ons op om hier meer over te weten te komen. Beton, Terrazzo, Keramiek, Composiet, Graniet, Kwartsiet, Hardsteen en meer. De keuze mogelijkheden zijn enorm. Al onze keukens zijn maatwerk en te configureren naar uw wens. <a href=\"\/materialen#keukenblad\"><strong>Lees hier meer over de materialen.<\/strong><\/a><\/p>\n<p>[\/et_pb_tab][\/et_pb_tabs][\/et_pb_column][\/et_pb_row][et_pb_row make_equal=&#8221;on&#8221; custom_padding_last_edited=&#8221;on|phone&#8221; _builder_version=&#8221;4.24.2&#8243; _module_preset=&#8221;default&#8221; max_width=&#8221;1350px&#8221; custom_padding=&#8221;40px||40px||true|false&#8221; custom_padding_tablet=&#8221;64px||64px||true|false&#8221; custom_padding_phone=&#8221;32px||32px||true|false&#8221; custom_css_main_element=&#8221;align-items: center;&#8221; global_colors_info=&#8221;{}&#8221;][et_pb_column type=&#8221;4_4&#8243; _builder_version=&#8221;4.18.1&#8243; _module_preset=&#8221;default&#8221; global_colors_info=&#8221;{}&#8221;][et_pb_text _builder_version=&#8221;4.24.2&#8243; _module_preset=&#8221;default&#8221; header_font_size=&#8221;60px&#8221; header_2_font_size=&#8221;50px&#8221; header_3_font_size=&#8221;40px&#8221; header_4_font_size=&#8221;30px&#8221; header_3_font_size_tablet=&#8221;40px&#8221; header_3_font_size_phone=&#8221;30px&#8221; header_3_font_size_last_edited=&#8221;on|phone&#8221; global_colors_info=&#8221;{}&#8221;]<\/p>\n<h3>Onderdelen<\/h3>\n<p>[\/et_pb_text][et_pb_tabs _builder_version=&#8221;4.27.4&#8243; _module_preset=&#8221;default&#8221; custom_margin=&#8221;-22px|||||&#8221; hover_enabled=&#8221;0&#8243; global_colors_info=&#8221;{}&#8221; sticky_enabled=&#8221;0&#8243;][et_pb_tab title=&#8221;Zijn er accessoires beschikbaar voor de buitenkeukens?&#8221; _builder_version=&#8221;4.27.4&#8243; _module_preset=&#8221;default&#8221; hover_enabled=&#8221;0&#8243; global_colors_info=&#8221;{}&#8221; sticky_enabled=&#8221;0&#8243;]<\/p>\n<p data-start=\"274\" data-end=\"529\" class=\"\">Ja, Houtdoor biedt diverse accessoires aan, zoals BBQ-sets, koelkasten en opties voor spoelbakken en kranen, om je buitenkeuken volledig naar wens aan te passen. Voor inspiratie ga naar <a href=\"\/merken\"><strong>Merken<\/strong><\/a>.\u00a0<\/p>\n<p>[\/et_pb_tab][et_pb_tab title=&#8221;Kan ik een barbecue of kamado van een ander merk integreren in de buitenkeuken?&#8221; _builder_version=&#8221;4.24.2&#8243; _module_preset=&#8221;default&#8221; global_colors_info=&#8221;{}&#8221;]<\/p>\n<p>Ja, dat is mogelijk. Wij werken met een aantal vaste topmerken die wij aanraden te gebruiken maar al onze keukens zijn maatwerk. Dat betekent dat jij precies kan aangeven wat jij verlangt: in dit geval welk apparaat je wilt integreren. En wij maken dan een passende uitsparing in het ontwerp.<\/p>\n<p>[\/et_pb_tab][et_pb_tab title=&#8221;Met welke merken werkt Houtdoor samen voor apparatuur?&#8221; _builder_version=&#8221;4.27.4&#8243; _module_preset=&#8221;default&#8221; hover_enabled=&#8221;0&#8243; global_colors_info=&#8221;{}&#8221; sticky_enabled=&#8221;0&#8243;]<\/p>\n<p><span class=\"relative -mx-px my-[-0.2rem] rounded px-px py-[0.2rem] transition-colors duration-100 ease-in-out\">Houtdoor werkt samen met gerenommeerde merken zoals Beefeater, en Big Green Egg voor barbecues en grills.<\/span> <span class=\"relative -mx-px my-[-0.2rem] rounded px-px py-[0.2rem] transition-colors duration-100 ease-in-out\">Voor spoelbakken en kranen gebruiken we o.a. producten van Lorreine, Quooker en Tapwell. Lees meer over onze <a href=\"\/merken\"><strong>Merken<\/strong><\/a>.<\/span><\/p>\n<p>[\/et_pb_tab][\/et_pb_tabs][et_pb_text _builder_version=&#8221;4.24.2&#8243; _module_preset=&#8221;default&#8221; header_font_size=&#8221;60px&#8221; header_2_font_size=&#8221;50px&#8221; header_3_font_size=&#8221;40px&#8221; header_4_font_size=&#8221;30px&#8221; header_3_font_size_tablet=&#8221;40px&#8221; header_3_font_size_phone=&#8221;30px&#8221; header_3_font_size_last_edited=&#8221;on|phone&#8221; global_colors_info=&#8221;{}&#8221;]<\/p>\n<h3>Installatie en aansluiting<\/h3>\n<p>[\/et_pb_text][et_pb_tabs _builder_version=&#8221;4.24.2&#8243; _module_preset=&#8221;default&#8221; custom_margin=&#8221;-27px|||||&#8221; global_colors_info=&#8221;{}&#8221;][et_pb_tab title=&#8221;Hoe lang duurt het voordat mijn keuken geleverd kan worden?&#8221; _builder_version=&#8221;4.24.2&#8243; _module_preset=&#8221;default&#8221; global_colors_info=&#8221;{}&#8221;]<\/p>\n<p>Een buitenkeuken verrijkt je tuin \u00e9n je woning. Je cre\u00ebert extra leefruimte, een gezellige plek om samen te komen \u00e9n je houdt je binnenkeuken fris doordat je buiten kookt. Het is bovendien ideaal voor etentjes en feestjes \u2013 koken en genieten gaan hand in hand!<\/p>\n<p>[\/et_pb_tab][et_pb_tab title=&#8221;Heb ik een vergunning nodig voor mijn buitenkeuken?&#8221; _builder_version=&#8221;4.24.2&#8243; _module_preset=&#8221;default&#8221; global_colors_info=&#8221;{}&#8221;]<\/p>\n<p>In veel gevallen heb je geen vergunning nodig als je geen overkapping plaatst boven de buitenkeuken. Dit hangt echter af van de regels in jouw gemeente. Twijfel je? Neem <a href=\"\/contact\"><strong>contact<\/strong> <\/a>met ons op \u2013 we zoeken het graag samen met je uit.<\/p>\n<p>[\/et_pb_tab][et_pb_tab title=&#8221;Moet de buitenkeuken aangesloten worden op water en elektriciteit?&#8221; _builder_version=&#8221;4.24.2&#8243; _module_preset=&#8221;default&#8221; global_colors_info=&#8221;{}&#8221;]<\/p>\n<p>Dat hangt af van de samenstelling van jouw keuken. De meeste keukens hebben een water en elektriciteit en\/of gas aansluiting nodig. Maar er zijn ook off-grid variaties die mogelijk zijn. Alles is maatwerk. Neem <a href=\"houtdoor.nl\/contact\"><strong>contact<\/strong> <\/a>met ons op om jouw idee door te spreken.<\/p>\n<p>[\/et_pb_tab][et_pb_tab title=&#8221;Hoe ventileer ik goed?&#8221; _builder_version=&#8221;4.24.2&#8243; _module_preset=&#8221;default&#8221; global_colors_info=&#8221;{}&#8221;]<\/p>\n<p>Zorg voor voldoende ventilatie om rookophoping te voorkomen en veilig te kunnen koken. Als je de keuken onder een overkapping plaatst, is een afzuigkap noodzakelijk. Bij een opstelling in de open lucht is dit meestal niet nodig, omdat de lucht vanzelf kan circuleren.<\/p>\n<p>[\/et_pb_tab][et_pb_tab title=&#8221;Hoe ver moet de grill of barbeque van het huis zijn?&#8221; _builder_version=&#8221;4.24.2&#8243; _module_preset=&#8221;default&#8221; global_colors_info=&#8221;{}&#8221;]<\/p>\n<div id=\"thz-tabs-7c1e0886\" class=\"thz-shc thz-shortcode-tabs thz-tabs-top thz-tabs-above thz-tabs-count-5 thz-tabl-nospace thz-tabl-noradius thz-tabs-7c1e0886\">\n<div id=\"thz-tabs-7c1e0886-2\" class=\"thz-tab-content thz-tabs-active-content\">\n<div class=\"thz-tab-content-inner\">\n<p>Houd het tenminste 90cm van de muren en brandbare onderdelen af.<\/p>\n<\/div>\n<\/div>\n<\/div>\n<p>[\/et_pb_tab][\/et_pb_tabs][\/et_pb_column][\/et_pb_row][\/et_pb_section][et_pb_section fb_built=&#8221;1&#8243; custom_padding_last_edited=&#8221;on|phone&#8221; next_background_color=&#8221;#AE8A73&#8243; _builder_version=&#8221;4.19.4&#8243; _module_preset=&#8221;default&#8221; background_enable_color=&#8221;off&#8221; use_background_color_gradient=&#8221;on&#8221; background_color_gradient_stops=&#8221;rgba(43,41,41,0.85) 0%|rgba(43,41,41,0.85) 100%&#8221; background_color_gradient_overlays_image=&#8221;on&#8221; background_image=&#8221;https:\/\/houtdoor.nl\/en\/wp-content\/uploads\/2022\/12\/5V4A3607-85.webp&#8221; custom_padding=&#8221;128px||128px||true|false&#8221; custom_padding_tablet=&#8221;128px||128px||true|false&#8221; custom_padding_phone=&#8221;64px||64px||true|false&#8221; bottom_divider_style=&#8221;arrow&#8221; bottom_divider_height=&#8221;50px&#8221; da_disable_devices=&#8221;off|off|off&#8221; global_colors_info=&#8221;{}&#8221; da_is_popup=&#8221;off&#8221; da_exit_intent=&#8221;off&#8221; da_has_close=&#8221;on&#8221; da_alt_close=&#8221;off&#8221; da_dark_close=&#8221;off&#8221; da_not_modal=&#8221;on&#8221; da_is_singular=&#8221;off&#8221; da_with_loader=&#8221;off&#8221; da_has_shadow=&#8221;on&#8221;][et_pb_row _builder_version=&#8221;4.18.0&#8243; _module_preset=&#8221;default&#8221; custom_padding=&#8221;8px||8px||true|false&#8221; global_colors_info=&#8221;{}&#8221;][et_pb_column type=&#8221;4_4&#8243; _builder_version=&#8221;4.18.0&#8243; _module_preset=&#8221;default&#8221; global_colors_info=&#8221;{}&#8221;][et_pb_text _builder_version=&#8221;4.27.4&#8243; _module_preset=&#8221;default&#8221; text_font_size=&#8221;22px&#8221; header_2_text_color=&#8221;#FFFFFF&#8221; header_2_font_size_tablet=&#8221;&#8221; header_2_font_size_phone=&#8221;35px&#8221; header_2_font_size_last_edited=&#8221;on|phone&#8221; global_colors_info=&#8221;{}&#8221;]<\/p>\n<h2 style=\"text-align: center;\">Van idee tot realisatie: start nu met jouw droomkeuken op maat.<\/h2>\n<p>[\/et_pb_text][et_pb_button button_url=&#8221;@ET-DC@eyJkeW5hbWljIjp0cnVlLCJjb250ZW50IjoicG9zdF9saW5rX3VybF9wYWdlIiwic2V0dGluZ3MiOnsicG9zdF9pZCI6IjI1MCJ9fQ==@&#8221; button_text=&#8221;Maatwerk offerte aanvragen&#8221; button_alignment=&#8221;center&#8221; _builder_version=&#8221;4.27.4&#8243; _dynamic_attributes=&#8221;button_url&#8221; _module_preset=&#8221;default&#8221; global_colors_info=&#8221;{}&#8221;][\/et_pb_button][\/et_pb_column][\/et_pb_row][\/et_pb_section][et_pb_section fb_built=&#8221;1&#8243; custom_padding_last_edited=&#8221;on|phone&#8221; _builder_version=&#8221;4.19.4&#8243; _module_preset=&#8221;default&#8221; background_color=&#8221;#AE8A73&#8243; custom_padding=&#8221;128px||128px||true|false&#8221; custom_padding_tablet=&#8221;128px||128px||true|false&#8221; custom_padding_phone=&#8221;64px||64px||true|false&#8221; da_disable_devices=&#8221;off|off|off&#8221; global_colors_info=&#8221;{}&#8221; da_is_popup=&#8221;off&#8221; da_exit_intent=&#8221;off&#8221; da_has_close=&#8221;on&#8221; da_alt_close=&#8221;off&#8221; da_dark_close=&#8221;off&#8221; da_not_modal=&#8221;on&#8221; da_is_singular=&#8221;off&#8221; da_with_loader=&#8221;off&#8221; da_has_shadow=&#8221;on&#8221;][et_pb_row _builder_version=&#8221;4.18.0&#8243; _module_preset=&#8221;default&#8221; global_colors_info=&#8221;{}&#8221;][et_pb_column type=&#8221;4_4&#8243; _builder_version=&#8221;4.18.0&#8243; _module_preset=&#8221;default&#8221; global_colors_info=&#8221;{}&#8221;][et_pb_text _builder_version=&#8221;4.21.0&#8243; _module_preset=&#8221;default&#8221; header_2_text_color=&#8221;#FFFFFF&#8221; header_2_font_size=&#8221;50px&#8221; header_2_font_size_tablet=&#8221;50px&#8221; header_2_font_size_phone=&#8221;35px&#8221; header_2_font_size_last_edited=&#8221;on|phone&#8221; global_colors_info=&#8221;{}&#8221;]<\/p>\n<h2 style=\"text-align: center;\">We inspireren je graag!<\/h2>\n<p>[\/et_pb_text][\/et_pb_column][\/et_pb_row][et_pb_row column_structure=&#8221;1_2,1_2&#8243; _builder_version=&#8221;4.18.0&#8243; _module_preset=&#8221;default&#8221; min_height=&#8221;354.3px&#8221; global_colors_info=&#8221;{}&#8221;][et_pb_column type=&#8221;1_2&#8243; _builder_version=&#8221;4.18.0&#8243; _module_preset=&#8221;default&#8221; global_colors_info=&#8221;{}&#8221;][et_pb_text _builder_version=&#8221;4.21.0&#8243; _module_preset=&#8221;default&#8221; text_text_color=&#8221;#FFFFFF&#8221; global_colors_info=&#8221;{}&#8221;]<\/p>\n<p><strong>Ontvang ons gratis inspiratieboek!<\/strong><\/p>\n<p>Wij houden ervan om mensen te inspireren met onze passie; het cre\u00ebren van unieke totaalplaatjes. Laat vakmanschap en hoogstaande kwaliteit maar aan ons over; jouw verhaal is wat de buitenkeuken j\u00f3uw buitenkeuken maakt.<\/p>\n<p>We laten je graag zien hoe ultiem genieten van het buitenleven er in jouw tuin uitziet!<\/p>\n<p>[\/et_pb_text][dnxte_button button_text=&#8221;Inspiratieboek aanvragen&#8221; button_link=&#8221;@ET-DC@eyJkeW5hbWljIjp0cnVlLCJjb250ZW50IjoicG9zdF9saW5rX3VybF9wYWdlIiwic2V0dGluZ3MiOnsicG9zdF9pZCI6IjM2OSJ9fQ==@&#8221; btn_icon=&#8221;&#x45;||divi||400&#8243; btn_icon_color=&#8221;#191717&#8243; _builder_version=&#8221;4.19.4&#8243; _dynamic_attributes=&#8221;button_link&#8221; _module_preset=&#8221;default&#8221; btn_fonts_font=&#8221;|600||on|||||&#8221; btn_fonts_text_color=&#8221;#191717&#8243; background_color=&#8221;#FFFFFF&#8221; custom_margin=&#8221;15px||||false|false&#8221; btn_fonts_font_size_tablet=&#8221;&#8221; btn_fonts_font_size_phone=&#8221;16px&#8221; btn_fonts_font_size_last_edited=&#8221;on|phone&#8221; border_radii_btn_border=&#8221;on|7px|7px|7px|7px&#8221; border_width_all_btn_border=&#8221;5px&#8221; border_color_all_btn_border=&#8221;#FFFFFF&#8221; locked=&#8221;off&#8221; global_colors_info=&#8221;{}&#8221;][\/dnxte_button][\/et_pb_column][et_pb_column type=&#8221;1_2&#8243; _builder_version=&#8221;4.18.0&#8243; _module_preset=&#8221;default&#8221; global_colors_info=&#8221;{}&#8221;][et_pb_image src=&#8221;https:\/\/houtdoor.nl\/wp-content\/uploads\/2022\/12\/Houtdoor_Brochure_22_Shadow-scaled.webp&#8221; title_text=&#8221;Houtdoor_Brochure_22_Shadow&#8221; align=&#8221;center&#8221; _builder_version=&#8221;4.24.2&#8243; _module_preset=&#8221;default&#8221; width=&#8221;70%&#8221; global_colors_info=&#8221;{}&#8221;][\/et_pb_image][\/et_pb_column][\/et_pb_row][\/et_pb_section]<\/p>\n","protected":false},"excerpt":{"rendered":"<p>FAQ &#8211; veelgestelde vragenHoutdoor en MaatwerkEen buitenkeuken verrijkt je tuin \u00e9n je woning. Je cre\u00ebert extra leefruimte, een gezellige plek om samen te komen \u00e9n je houdt je binnenkeuken fris doordat je buiten kookt. Het is bovendien ideaal voor etentjes en feestjes \u2013 koken en genieten gaan hand in hand!Ja! Wij doen alleen aan maatwerk. [&hellip;]<\/p>\n","protected":false},"author":7,"featured_media":1797,"parent":0,"menu_order":0,"comment_status":"closed","ping_status":"closed","template":"","meta":{"_et_pb_use_builder":"on","_et_pb_old_content":"","_et_gb_content_width":"","footnotes":""},"class_list":["post-1854","page","type-page","status-publish","has-post-thumbnail","hentry"],"_links":{"self":[{"href":"https:\/\/houtdoor.nl\/de\/wp-json\/wp\/v2\/pages\/1854","targetHints":{"allow":["GET"]}}],"collection":[{"href":"https:\/\/houtdoor.nl\/de\/wp-json\/wp\/v2\/pages"}],"about":[{"href":"https:\/\/houtdoor.nl\/de\/wp-json\/wp\/v2\/types\/page"}],"author":[{"embeddable":true,"href":"https:\/\/houtdoor.nl\/de\/wp-json\/wp\/v2\/users\/7"}],"replies":[{"embeddable":true,"href":"https:\/\/houtdoor.nl\/de\/wp-json\/wp\/v2\/comments?post=1854"}],"version-history":[{"count":16,"href":"https:\/\/houtdoor.nl\/de\/wp-json\/wp\/v2\/pages\/1854\/revisions"}],"predecessor-version":[{"id":2356,"href":"https:\/\/houtdoor.nl\/de\/wp-json\/wp\/v2\/pages\/1854\/revisions\/2356"}],"wp:featuredmedia":[{"embeddable":true,"href":"https:\/\/houtdoor.nl\/de\/wp-json\/wp\/v2\/media\/1797"}],"wp:attachment":[{"href":"https:\/\/houtdoor.nl\/de\/wp-json\/wp\/v2\/media?parent=1854"}],"curies":[{"name":"wp","href":"https:\/\/api.w.org\/{rel}","templated":true}]}}